{"id":17,"date":"2021-08-26T08:43:39","date_gmt":"2021-08-26T08:43:39","guid":{"rendered":"https:\/\/ittvoltam.hu\/?page_id=17"},"modified":"2021-08-26T08:43:39","modified_gmt":"2021-08-26T08:43:39","slug":"hasznos-cikkek","status":"publish","type":"page","link":"https:\/\/coachingszemleletuvezetes.hu\/en\/hasznos-cikkek\/","title":{"rendered":"Hasznos Cikkek"},"content":{"rendered":"","protected":false},"excerpt":{"rendered":"","protected":false},"author":3,"featured_media":0,"parent":0,"menu_order":0,"comment_status":"closed","ping_status":"closed","template":"","meta":{"slim_seo":{"title":"Hasznos Cikkek - Coaching szeml\u00e9let\u0171 vezet\u00e9s","description":""},"footnotes":""},"class_list":["post-17","page","type-page","status-publish"],"_links":{"self":[{"href":"https:\/\/coachingszemleletuvezetes.hu\/en\/wp-json\/wp\/v2\/pages\/17","targetHints":{"allow":["GET"]}}],"collection":[{"href":"https:\/\/coachingszemleletuvezetes.hu\/en\/wp-json\/wp\/v2\/pages"}],"about":[{"href":"https:\/\/coachingszemleletuvezetes.hu\/en\/wp-json\/wp\/v2\/types\/page"}],"author":[{"embeddable":true,"href":"https:\/\/coachingszemleletuvezetes.hu\/en\/wp-json\/wp\/v2\/users\/3"}],"replies":[{"embeddable":true,"href":"https:\/\/coachingszemleletuvezetes.hu\/en\/wp-json\/wp\/v2\/comments?post=17"}],"version-history":[{"count":1,"href":"https:\/\/coachingszemleletuvezetes.hu\/en\/wp-json\/wp\/v2\/pages\/17\/revisions"}],"predecessor-version":[{"id":21,"href":"https:\/\/coachingszemleletuvezetes.hu\/en\/wp-json\/wp\/v2\/pages\/17\/revisions\/21"}],"wp:attachment":[{"href":"https:\/\/coachingszemleletuvezetes.hu\/en\/wp-json\/wp\/v2\/media?parent=17"}],"curies":[{"name":"wp","href":"https:\/\/api.w.org\/{rel}","templated":true}]}}