{"id":16,"date":"2021-08-26T08:43:39","date_gmt":"2021-08-26T08:43:39","guid":{"rendered":"https:\/\/ittvoltam.hu\/?page_id=16"},"modified":"2021-08-26T08:43:39","modified_gmt":"2021-08-26T08:43:39","slug":"erdekelhet","status":"publish","type":"page","link":"https:\/\/coachingszemleletuvezetes.hu\/en\/erdekelhet\/","title":{"rendered":"\u00c9rdekelhet"},"content":{"rendered":"","protected":false},"excerpt":{"rendered":"","protected":false},"author":3,"featured_media":0,"parent":0,"menu_order":0,"comment_status":"closed","ping_status":"closed","template":"","meta":{"slim_seo":{"title":"\u00c9rdekelhet - Coaching szeml\u00e9let\u0171 vezet\u00e9s","description":""},"footnotes":""},"class_list":["post-16","page","type-page","status-publish"],"_links":{"self":[{"href":"https:\/\/coachingszemleletuvezetes.hu\/en\/wp-json\/wp\/v2\/pages\/16","targetHints":{"allow":["GET"]}}],"collection":[{"href":"https:\/\/coachingszemleletuvezetes.hu\/en\/wp-json\/wp\/v2\/pages"}],"about":[{"href":"https:\/\/coachingszemleletuvezetes.hu\/en\/wp-json\/wp\/v2\/types\/page"}],"author":[{"embeddable":true,"href":"https:\/\/coachingszemleletuvezetes.hu\/en\/wp-json\/wp\/v2\/users\/3"}],"replies":[{"embeddable":true,"href":"https:\/\/coachingszemleletuvezetes.hu\/en\/wp-json\/wp\/v2\/comments?post=16"}],"version-history":[{"count":1,"href":"https:\/\/coachingszemleletuvezetes.hu\/en\/wp-json\/wp\/v2\/pages\/16\/revisions"}],"predecessor-version":[{"id":20,"href":"https:\/\/coachingszemleletuvezetes.hu\/en\/wp-json\/wp\/v2\/pages\/16\/revisions\/20"}],"wp:attachment":[{"href":"https:\/\/coachingszemleletuvezetes.hu\/en\/wp-json\/wp\/v2\/media?parent=16"}],"curies":[{"name":"wp","href":"https:\/\/api.w.org\/{rel}","templated":true}]}}